{"id":77,"date":"2023-08-03T09:26:01","date_gmt":"2023-08-03T07:26:01","guid":{"rendered":"http:\/\/tecnosail.fr\/?page_id=77"},"modified":"2023-08-03T09:26:01","modified_gmt":"2023-08-03T07:26:01","slug":"politique-de-confidentialite","status":"publish","type":"page","link":"https:\/\/tecnosail.fr\/index.php\/politique-de-confidentialite\/","title":{"rendered":"Politique de confidentialit\u00e9"},"content":{"rendered":"\n<h2 class=\"wp-block-heading\">1. D\u00e9finitions<\/h2>\n\n\n\n<ul class=\"wp-block-list\">\n<li>Donn\u00e9es personnelles \u2013 toute information relative \u00e0 une personne physique identifi\u00e9e ou identifiable ;<\/li>\n\n\n\n<li>Traitement \u2013 toute op\u00e9ration ou ensemble d\u2019op\u00e9rations effectu\u00e9es sur des donn\u00e9es personnelles ou sur des ensembles de donn\u00e9es personnelles ;<\/li>\n\n\n\n<li>Personne concern\u00e9e \/ client \u2013 une personne physique \u00e2g\u00e9e de 18 ans ou plus, dont les donn\u00e9es personnelles sont en cours de traitement ;<\/li>\n\n\n\n<li>Mineurs \u2013 une personne physique de moins de 18 ans ;<\/li>\n\n\n\n<li>Nous TECNOROPE, \u00e9diteur du pr\u00e9sent site internet.<\/li>\n<\/ul>\n\n\n\n<h3 class=\"wp-block-heading\">2. Principes de protection des donn\u00e9es<\/h3>\n\n\n\n<p>Nous nous engageons \u00e0 respecter les principes de protection des donn\u00e9es suivants :<\/p>\n\n\n\n<ul class=\"wp-block-list\">\n<li>Le traitement est l\u00e9gal, juste, transparent. Nos activit\u00e9s de traitement ont des motifs l\u00e9gitimes. Nous consid\u00e9rons toujours vos droits avant de traiter les donn\u00e9es personnelles. Nous vous fournirons des informations concernant le traitement sur demande ;<\/li>\n\n\n\n<li>Le traitement est limit\u00e9 \u00e0 l\u2019objectif. Nos activit\u00e9s de traitement correspondent \u00e0 l\u2019objectif pour lequel les donn\u00e9es personnelles ont \u00e9t\u00e9 collect\u00e9es ;<\/li>\n\n\n\n<li>Le traitement est effectu\u00e9 avec un minimum de donn\u00e9es. Nous collectons et traitons uniquement la quantit\u00e9 minimale de donn\u00e9es personnelles requises \u00e0 quelque fin que ce soit ;<\/li>\n\n\n\n<li>Le traitement est limit\u00e9 avec une p\u00e9riode de temps. Nous ne conserverons pas vos donn\u00e9es personnelles plus longtemps que n\u00e9cessaire ;<\/li>\n\n\n\n<li>Nous ferons de notre mieux pour assurer l\u2019exactitude des donn\u00e9es ;<\/li>\n\n\n\n<li>Nous ferons de notre mieux pour assurer l\u2019int\u00e9grit\u00e9 et la confidentialit\u00e9 des donn\u00e9es.<\/li>\n<\/ul>\n\n\n\n<h3 class=\"wp-block-heading\">3. Droits du propri\u00e9taire des donn\u00e9es<\/h3>\n\n\n\n<p>Le propri\u00e9taire des donn\u00e9es a les droits suivants :<\/p>\n\n\n\n<ul class=\"wp-block-list\">\n<li>Droit \u00e0 l\u2019information : vous avez le droit de savoir si vos donn\u00e9es personnelles sont en cours de traitement, quelles sont les donn\u00e9es collect\u00e9es, d\u2019o\u00f9 elles proviennent et pourquoi et par qui elles sont trait\u00e9es ;<\/li>\n\n\n\n<li>Droit d\u2019acc\u00e8s : vous avez le droit d\u2019acc\u00e9der aux donn\u00e9es collect\u00e9es de \/ \u00e0 votre sujet. Cela inclut votre droit de demander et d\u2019obtenir une copie de vos donn\u00e9es personnelles recueillies ;<\/li>\n\n\n\n<li>Droit de rectification : vous avez le droit de demander la rectification ou l\u2019effacement de vos donn\u00e9es personnelles qui sont inexactes ou incompl\u00e8tes ;<\/li>\n\n\n\n<li>Droit d\u2019effacement (ou droit \u00e0 l\u2019oubli) : dans certaines circonstances, vous pouvez demander que vos donn\u00e9es personnelles soient effac\u00e9es de nos archives ;<\/li>\n\n\n\n<li>Droit de restreindre le traitement : certaines conditions s\u2019appliquent, vous avez le droit de restreindre le traitement de vos donn\u00e9es personnelles ;<\/li>\n\n\n\n<li>Droit d\u2019opposition au traitement : vous avez le droit de vous opposer au traitement de vos donn\u00e9es personnelles, par exemple dans le cas du marketing direct ;<\/li>\n\n\n\n<li>Droit de s\u2019opposer au traitement automatis\u00e9 : vous avez le droit de vous opposer au traitement automatis\u00e9, y compris le profilage ; et ne pas \u00eatre soumis \u00e0 une d\u00e9cision bas\u00e9e uniquement sur le traitement automatis\u00e9. Ce droit, vous pouvez l\u2019exercer chaque fois qu\u2019il y a un r\u00e9sultat du profilage qui produit des effets juridiques concernant ou vous affectant de mani\u00e8re significative ;<\/li>\n\n\n\n<li>Droit \u00e0 la portabilit\u00e9 des donn\u00e9es : vous avez le droit d\u2019obtenir vos donn\u00e9es personnelles dans un format lisible par machine ou, si cela est faisable, comme un transfert direct d\u2019un processeur \u00e0 un autre ;<\/li>\n\n\n\n<li>Droit de d\u00e9poser une plainte : dans le cas o\u00f9 nous refusons votre demande en vertu des droits d\u2019acc\u00e8s, nous vous fournirons une raison pour laquelle. Si vous n\u2019\u00eates pas satisfait de la mani\u00e8re dont votre demande a \u00e9t\u00e9 trait\u00e9e, veuillez nous contacter ;<\/li>\n\n\n\n<li>Droit \u00e0 l\u2019aide de l\u2019autorit\u00e9 de surveillance : vous avez le droit \u00e0 l\u2019aide d\u2019une autorit\u00e9 de surveillance et le droit d\u2019autres recours juridiques tels que r\u00e9clamer des dommages-int\u00e9r\u00eats ;<\/li>\n\n\n\n<li>Droit de retirer votre consentement : vous avez le droit de retirer tout consentement donn\u00e9 pour le traitement de vos donn\u00e9es personnelles.<\/li>\n<\/ul>\n\n\n\n<h3 class=\"wp-block-heading\">4. Donn\u00e9es collect\u00e9es<\/h3>\n\n\n\n<p><strong>Informations que vous nous avez fournies<\/strong><\/p>\n\n\n\n<p>Cela peut \u00eatre votre adresse e-mail, votre nom, votre adresse de facturation, votre adresse personnelle, etc., principalement les informations n\u00e9cessaires pour vous fournir un produit \/ service ou pour am\u00e9liorer votre exp\u00e9rience client. Nous enregistrons les informations que vous nous fournissez afin que vous puissiez commenter ou effectuer d\u2019autres activit\u00e9s sur le site Web. Ces informations incluent, par exemple, votre nom et votre adresse e-mail.<\/p>\n\n\n\n<p><strong>Informations collect\u00e9es automatiquement \u00e0 votre sujet<\/strong><\/p>\n\n\n\n<p>Ceci inclut les informations stock\u00e9es automatiquement par les cookies et autres outils de session, par exemple votre adresse IP. Ces informations sont utilis\u00e9es pour am\u00e9liorer votre exp\u00e9rience client. Lorsque vous utilisez nos services ou que vous consultez le contenu de notre site Web, vos activit\u00e9s peuvent \u00eatre consign\u00e9es.<\/p>\n\n\n\n<p><strong>Informations provenant de nos partenaires<\/strong><\/p>\n\n\n\n<p>Sans objet.<\/p>\n\n\n\n<p><strong>Informations accessibles au public<\/strong><\/p>\n\n\n\n<p>Nous pouvons collecter des informations \u00e0 votre sujet qui sont publiquement disponibles.<\/p>\n\n\n\n<h3 class=\"wp-block-heading\">5. Utilisation des donn\u00e9es personnelles<\/h3>\n\n\n\n<p>Nous utilisons vos donn\u00e9es personnelles pour :<\/p>\n\n\n\n<ul class=\"wp-block-list\">\n<li>Vous fournir nos services. Ceci inclut par exemple l\u2019enregistrement de votre compte; vous fournir d\u2019autres produits et services que vous avez demand\u00e9s; vous fournir des articles promotionnels \u00e0 votre demande et communiquer avec vous relativement \u00e0 ces produits et services; communiquer et interagir avec vous; et vous informer des changements apport\u00e9s aux services ;<\/li>\n\n\n\n<li>Am\u00e9liorer votre exp\u00e9rience client ;<\/li>\n\n\n\n<li>Remplir une obligation l\u00e9gale ou contractuelle.<\/li>\n<\/ul>\n\n\n\n<p>Nous utilisons vos donn\u00e9es personnelles pour des motifs l\u00e9gitimes et \/ ou avec votre consentement.<\/p>\n\n\n\n<p>En raison de la conclusion d\u2019un contrat ou de l\u2019ex\u00e9cution d\u2019obligations contractuelles, nous traitons vos donn\u00e9es personnelles aux fins suivantes :<\/p>\n\n\n\n<ul class=\"wp-block-list\">\n<li>Pour vous identifier ;<\/li>\n\n\n\n<li>Pour vous fournir ou vous offrir des produits ou services ;<\/li>\n\n\n\n<li>Pour communiquer avec vous, que ce soit pour la vente ou la facturation de nos produits ou services ou pour vous transmettre des informations.<\/li>\n<\/ul>\n\n\n\n<p>Sur la base d\u2019un int\u00e9r\u00eat l\u00e9gitime, nous traitons vos donn\u00e9es personnelles aux fins suivantes :<\/p>\n\n\n\n<ul class=\"wp-block-list\">\n<li>Pour vous envoyer des offres personnalis\u00e9es* (de notre part et \/ ou de nos partenaires soigneusement s\u00e9lectionn\u00e9s) ;<\/li>\n\n\n\n<li>Administrer et analyser notre client\u00e8le (comportement d\u2019achat et historique) afin d\u2019am\u00e9liorer la qualit\u00e9, la vari\u00e9t\u00e9 et la disponibilit\u00e9 des produits \/ services offerts \/ fournis ;<\/li>\n\n\n\n<li>Mener des enqu\u00eates sur la satisfaction de nos clients ;<\/li>\n\n\n\n<li>Tant que vous ne nous avez pas inform\u00e9s autrement, nous envisageons de vous proposer des produits \/ services similaires ou identiques \u00e0 votre historique d\u2019achat \/ comportement de navigation pour \u00eatre notre int\u00e9r\u00eat l\u00e9gitime.<\/li>\n<\/ul>\n\n\n\n<p>Avec votre consentement, nous traitons vos donn\u00e9es personnelles aux fins suivantes :<\/p>\n\n\n\n<ul class=\"wp-block-list\">\n<li>Vous envoyer des bulletins d\u2019information et des offres commerciales (de notre part et \/ ou de nos partenaires soigneusement s\u00e9lectionn\u00e9s) ;<\/li>\n\n\n\n<li>R\u00e9pondre \u00e0 vos sollicitations sur nos produits et services ;<\/li>\n\n\n\n<li>Nous traitons vos donn\u00e9es personnelles afin de remplir les obligations d\u00e9coulant de la loi et \/ ou utiliser vos donn\u00e9es personnelles pour les options pr\u00e9vues par la loi. Nous nous r\u00e9servons le droit d\u2019anonymiser les donn\u00e9es personnelles recueillies et d\u2019utiliser ces donn\u00e9es. Nous n\u2019utiliserons des donn\u00e9es en dehors du champ d\u2019application de cette politique que si elles sont anonymis\u00e9es. Nous conservons vos informations de facturation et autres informations recueillies \u00e0 votre sujet aussi longtemps que n\u00e9cessaire \u00e0 des fins comptables ou d\u2019autres obligations d\u00e9coulant de la loi, dans la limite de 3 ans maximum.<\/li>\n<\/ul>\n\n\n\n<p>Nous pourrions traiter vos donn\u00e9es personnelles \u00e0 d\u2019autres fins qui ne sont pas mentionn\u00e9es ici, mais qui sont compatibles avec l\u2019objectif initial pour lequel les donn\u00e9es ont \u00e9t\u00e9 collect\u00e9es. Pour ce faire, nous veillerons \u00e0 ce que :<\/p>\n\n\n\n<ul class=\"wp-block-list\">\n<li>Le lien entre les finalit\u00e9s, le contexte et la nature des donn\u00e9es personnelles est adapt\u00e9 \u00e0 un traitement ult\u00e9rieur;<\/li>\n\n\n\n<li>Le traitement ult\u00e9rieur ne nuirait pas \u00e0 vos int\u00e9r\u00eats ;<\/li>\n\n\n\n<li>Il y aurait une sauvegarde appropri\u00e9e pour le traitement.<\/li>\n<\/ul>\n\n\n\n<p>Nous vous informerons de tout traitement ult\u00e9rieur et ses fins.<\/p>\n\n\n\n<h3 class=\"wp-block-heading\">6. Personnes disposant d&rsquo;un acc\u00e8s aux donn\u00e9es<\/h3>\n\n\n\n<p>Nous ne partageons pas vos donn\u00e9es personnelles avec d&rsquo;autres personnes ou entreprises. Dans certains cas o\u00f9 des donn\u00e9es personnelles vous concernant seraient transmises \u00e0 nos partenaires de confiance, afin de vous permettre de vous fournir le service ou d\u2019am\u00e9liorer votre exp\u00e9rience client, cela ne se fera jamais vous avoir pr\u00e9alablement consult\u00e9 et recueilli votre consentement explicite.<\/p>\n\n\n\n<p>Nous travaillons uniquement avec des partenaires de traitement capables d\u2019assurer un niveau ad\u00e9quat de protection de vos donn\u00e9es personnelles. Nous divulguons vos donn\u00e9es personnelles \u00e0 des tiers ou \u00e0 des fonctionnaires lorsque nous sommes l\u00e9galement tenus de le faire. Nous pourrions divulguer vos donn\u00e9es personnelles \u00e0 des tiers si vous y avez consenti ou s\u2019il existe d\u2019autres motifs l\u00e9gaux.<\/p>\n\n\n\n<h3 class=\"wp-block-heading\">7. S\u00e9curisation des donn\u00e9es<\/h3>\n\n\n\n<p>Nous faisons de notre mieux pour prot\u00e9ger vos donn\u00e9es personnelles. Nous utilisons des protocoles s\u00e9curis\u00e9s pour la communication et le transfert de donn\u00e9es (tel que HTTPS). Nous utilisons l\u2019anonymisation et le pseudonymat lorsque cela est appropri\u00e9. Nous surveillons nos syst\u00e8mes pour d\u00e9tecter d\u2019\u00e9ventuelles vuln\u00e9rabilit\u00e9s et attaques.<\/p>\n\n\n\n<p>M\u00eame si nous faisons de notre mieux, le risque z\u00e9ro n&rsquo;existe pas et nous ne pouvons pas garantir la s\u00e9curit\u00e9 de l\u2019information \u00e0 100%. Cependant, nous nous engageons \u00e0 informer les autorit\u00e9s comp\u00e9tentes des violations de donn\u00e9es. Nous vous aviserons \u00e9galement s\u2019il existe une menace pour vos droits ou int\u00e9r\u00eats. Nous ferons tout ce qui est raisonnablement possible pour pr\u00e9venir les violations de la s\u00e9curit\u00e9 et aider les autorit\u00e9s en cas de violation.<\/p>\n\n\n\n<p>Si vous avez un compte chez nous, notez que vous devez garder votre nom d\u2019utilisateur et votre mot de passe secrets.<\/p>\n\n\n\n<h3 class=\"wp-block-heading\">8. Mineurs<\/h3>\n\n\n\n<p>Nous n\u2019avons pas l\u2019intention de recueillir ou sciemment recueillir des informations aupr\u00e8s des enfants. Nous ne ciblons pas les enfants avec nos services.<\/p>\n\n\n\n<h3 class=\"wp-block-heading\">9. Cookies et autres technologies utilis\u00e9es<\/h3>\n\n\n\n<p>Nous utilisons des cookies et \/ ou des technologies similaires pour analyser le comportement des clients, administrer le site Web, suivre les mouvements des utilisateurs et collecter des informations sur les utilisateurs. Ceci est fait afin de personnaliser et d\u2019am\u00e9liorer votre exp\u00e9rience avec nous.<\/p>\n\n\n\n<p>Un cookie est un petit fichier texte stock\u00e9 sur votre ordinateur. Les cookies stockent les informations utilis\u00e9es pour aider \u00e0 faire fonctionner les sites. Seulement nous pouvons acc\u00e9der aux cookies cr\u00e9\u00e9s par notre site Web. Vous pouvez contr\u00f4ler vos cookies au niveau du navigateur. Choisir de d\u00e9sactiver les cookies peut vous emp\u00eacher d\u2019utiliser certaines fonctions.<\/p>\n\n\n\n<p>Nous utilisons des cookies aux fins suivantes :<\/p>\n\n\n\n<ul class=\"wp-block-list\">\n<li>Cookies n\u00e9cessaires : ces cookies sont n\u00e9cessaires pour que vous puissiez utiliser certaines fonctionnalit\u00e9s importantes sur notre site Web, telles que la connexion. Ces cookies ne collectent aucune information personnelle ,<\/li>\n\n\n\n<li>Cookies de fonctionnalit\u00e9 : ces cookies fournissent des fonctionnalit\u00e9s qui rendent l\u2019utilisation de notre service plus pratique et permettent d\u2019offrir des fonctionnalit\u00e9s plus personnalis\u00e9es. Par exemple, ils peuvent se souvenir de votre nom et de votre adresse e-mail dans des formulaires de contact, de demande de devis ou d&rsquo;assistance, de commentaires. Vous n\u2019avez donc pas besoin de ressaisir cette information la prochaine fois que vous utilisez ces formulaires ;<\/li>\n\n\n\n<li>Cookies analytiques: ces cookies sont utilis\u00e9s pour suivre l\u2019utilisation et les performances de notre site Web et de nos services.<\/li>\n<\/ul>\n\n\n\n<p>Vous pouvez supprimer les cookies stock\u00e9s dans votre ordinateur via les param\u00e8tres de votre navigateur. Vous pouvez \u00e9galement contr\u00f4ler certains cookies tiers en utilisant une plate-forme d\u2019am\u00e9lioration de la confidentialit\u00e9. Pour plus d\u2019informations sur les cookies, visitez&nbsp;<a href=\"https:\/\/www.allaboutcookies.org\/fr\/\" target=\"_blank\" rel=\"noreferrer noopener\">allaboutcookies.org<\/a>.<\/p>\n\n\n\n<p>Nous utilisons Google Analytics pour mesurer le trafic sur notre site Web. Google a sa propre politique de confidentialit\u00e9 que vous pouvez consulter&nbsp;<a href=\"https:\/\/policies.google.com\/privacy?hl=fr\" target=\"_blank\" rel=\"noreferrer noopener\">ici<\/a>. Si vous souhaitez d\u00e9sactiver le suivi par Google Analytics, consultez la ici. Si vous souhaitez d\u00e9sactiver le tracking Google Analytics, visitez la page de&nbsp;<a href=\"https:\/\/support.google.com\/analytics\/answer\/181881?hl=fr\" target=\"_blank\" rel=\"noreferrer noopener\">d\u00e9sactivation de Google Analytics<\/a>.<\/p>\n\n\n\n<h3 class=\"wp-block-heading\">10. Acc\u00e8s \u00e0 vos informations personnelles \/ Droit \u00e0 l\u2019oubli<\/h3>\n\n\n\n<p>Conform\u00e9ment aux dispositions europ\u00e9enne RGPD (R\u00e8glement G\u00e9n\u00e9ral sur la Protection des Donn\u00e9es personnelles), vous pouvez acc\u00e9der \u00e0 vos donn\u00e9es personnelles et les supprimer totalement en nous adressant votre demande.<\/p>\n\n\n\n<p><strong>G\u00e9rer mes donn\u00e9es personnelles<\/strong><\/p>\n\n\n\n<p>Vous pouvez \u00e9galement demander l\u2019envoi, la modification ou la suppression de vos donn\u00e9es personnelles en nous adressant votre demande soit par \u00e9crit soit via notre\u00a0adresse mail : <a href=\"mailto:logistique@tecnorope.com\">logistique@tecnorope.com<\/a>.<\/p>\n\n\n\n<h3 class=\"wp-block-heading\">11. Informations de contact<\/h3>\n\n\n\n<p>Pour toute question \u00e0 propos de cette politique de confidentialit\u00e9, vous pouvez trouver nos coordonn\u00e9es dans la page des mentions l\u00e9gales.<\/p>\n\n\n\n<h3 class=\"wp-block-heading\">12. Modifications de cette politique de confidentialit\u00e9<\/h3>\n\n\n\n<p>Nous nous r\u00e9servons le droit d\u2019apporter des modifications \u00e0 cette politique de confidentialit\u00e9.<\/p>\n\n\n\n<p>Derni\u00e8re modification 03\/08\/2023.<\/p>\n","protected":false},"excerpt":{"rendered":"<p>1. D\u00e9finitions 2. Principes de protection des donn\u00e9es Nous nous engageons \u00e0 respecter les principes de protection des donn\u00e9es suivants : 3. Droits du propri\u00e9taire des donn\u00e9es Le propri\u00e9taire des donn\u00e9es a les droits suivants : 4. Donn\u00e9es collect\u00e9es Informations que vous nous avez fournies Cela peut \u00eatre votre adresse e-mail, votre nom, votre adresse [&hellip;]<\/p>\n","protected":false},"author":5,"featured_media":0,"parent":0,"menu_order":0,"comment_status":"closed","ping_status":"closed","template":"","meta":{"_uag_custom_page_level_css":"","site-sidebar-layout":"default","site-content-layout":"","ast-site-content-layout":"","site-content-style":"default","site-sidebar-style":"default","ast-global-header-display":"","ast-banner-title-visibility":"","ast-main-header-display":"","ast-hfb-above-header-display":"","ast-hfb-below-header-display":"","ast-hfb-mobile-header-display":"","site-post-title":"","ast-breadcrumbs-content":"","ast-featured-img":"","footer-sml-layout":"","theme-transparent-header-meta":"","adv-header-id-meta":"","stick-header-meta":"","header-above-stick-meta":"","header-main-stick-meta":"","header-below-stick-meta":"","astra-migrate-meta-layouts":"default","ast-page-background-enabled":"default","ast-page-background-meta":{"desktop":{"background-color":"var(--ast-global-color-4)","background-image":"","background-repeat":"repeat","background-position":"center center","background-size":"auto","background-attachment":"scroll","background-type":"","background-media":"","overlay-type":"","overlay-color":"","overlay-opacity":"","overlay-gradient":""},"tablet":{"background-color":"","background-image":"","background-repeat":"repeat","background-position":"center center","background-size":"auto","background-attachment":"scroll","background-type":"","background-media":"","overlay-type":"","overlay-color":"","overlay-opacity":"","overlay-gradient":""},"mobile":{"background-color":"","background-image":"","background-repeat":"repeat","background-position":"center center","background-size":"auto","background-attachment":"scroll","background-type":"","background-media":"","overlay-type":"","overlay-color":"","overlay-opacity":"","overlay-gradient":""}},"ast-content-background-meta":{"desktop":{"background-color":"var(--ast-global-color-5)","background-image":"","background-repeat":"repeat","background-position":"center center","background-size":"auto","background-attachment":"scroll","background-type":"","background-media":"","overlay-type":"","overlay-color":"","overlay-opacity":"","overlay-gradient":""},"tablet":{"background-color":"var(--ast-global-color-5)","background-image":"","background-repeat":"repeat","background-position":"center center","background-size":"auto","background-attachment":"scroll","background-type":"","background-media":"","overlay-type":"","overlay-color":"","overlay-opacity":"","overlay-gradient":""},"mobile":{"background-color":"var(--ast-global-color-5)","background-image":"","background-repeat":"repeat","background-position":"center center","background-size":"auto","background-attachment":"scroll","background-type":"","background-media":"","overlay-type":"","overlay-color":"","overlay-opacity":"","overlay-gradient":""}},"iawp_total_views":6,"footnotes":""},"class_list":["post-77","page","type-page","status-publish","hentry"],"uagb_featured_image_src":{"full":false,"thumbnail":false,"medium":false,"medium_large":false,"large":false,"1536x1536":false,"2048x2048":false},"uagb_author_info":{"display_name":"Eug\u00e8ne L\u00e9v\u00eaque","author_link":"https:\/\/tecnosail.fr\/index.php\/author\/eugene\/"},"uagb_comment_info":0,"uagb_excerpt":"1. D\u00e9finitions 2. Principes de protection des donn\u00e9es Nous nous engageons \u00e0 respecter les principes de protection des donn\u00e9es suivants : 3. Droits du propri\u00e9taire des donn\u00e9es Le propri\u00e9taire des donn\u00e9es a les droits suivants : 4. Donn\u00e9es collect\u00e9es Informations que vous nous avez fournies Cela peut \u00eatre votre adresse e-mail, votre nom, votre adresse\u2026","_links":{"self":[{"href":"https:\/\/tecnosail.fr\/index.php\/wp-json\/wp\/v2\/pages\/77","targetHints":{"allow":["GET"]}}],"collection":[{"href":"https:\/\/tecnosail.fr\/index.php\/wp-json\/wp\/v2\/pages"}],"about":[{"href":"https:\/\/tecnosail.fr\/index.php\/wp-json\/wp\/v2\/types\/page"}],"author":[{"embeddable":true,"href":"https:\/\/tecnosail.fr\/index.php\/wp-json\/wp\/v2\/users\/5"}],"replies":[{"embeddable":true,"href":"https:\/\/tecnosail.fr\/index.php\/wp-json\/wp\/v2\/comments?post=77"}],"version-history":[{"count":1,"href":"https:\/\/tecnosail.fr\/index.php\/wp-json\/wp\/v2\/pages\/77\/revisions"}],"predecessor-version":[{"id":78,"href":"https:\/\/tecnosail.fr\/index.php\/wp-json\/wp\/v2\/pages\/77\/revisions\/78"}],"wp:attachment":[{"href":"https:\/\/tecnosail.fr\/index.php\/wp-json\/wp\/v2\/media?parent=77"}],"curies":[{"name":"wp","href":"https:\/\/api.w.org\/{rel}","templated":true}]}}